{"id":1203,"date":"2020-03-10T14:41:05","date_gmt":"2020-03-10T14:41:05","guid":{"rendered":"https:\/\/automotive-trade.com\/?page_id=1203"},"modified":"2020-03-22T11:33:58","modified_gmt":"2020-03-22T11:33:58","slug":"import-export","status":"publish","type":"page","link":"https:\/\/automotive-trade.com\/nb\/import-export\/","title":{"rendered":"Import \/ Export"},"content":{"rendered":"<div class=\"row\" ><div class=\"container\"><div class=\"row row-edge\">\n<div class=\"col-md-12 col-xs-offset-0 col-sm-offset-0 col-md-offset-0 col-lg-offset-0 col-xs-pull-0 col-sm-pull-0 col-md-pull-0 col-lg-pull-0 col-xs-push-0 col-sm-push-0 col-md-push-0 col-lg-push-0\">\n<div class=\"row row-edge\" >\n<div class=\"col-md-12 col-xs-offset-0 col-sm-offset-0 col-md-offset-0 col-lg-offset-0 col-xs-pull-0 col-sm-pull-0 col-md-pull-0 col-lg-pull-0 col-xs-push-0 col-sm-push-0 col-md-push-0 col-lg-push-0\">\n<div class=\"motopress-text-obj motopress-margin-bottom-0 light\">\n<h2 style=\"text-align: center;\">Import \/ Export<\/h2>\n<h4 style=\"text-align: center;\">cz\u0119\u015bci nowych i u\u017cywanych<\/h4>\n<\/div>\n<\/div>\n<\/div>\n<div class=\"row row-edge\" >\n<div class=\"col-md-12 col-xs-offset-0 col-sm-offset-0 col-md-offset-0 col-lg-offset-0 col-xs-pull-0 col-sm-pull-0 col-md-pull-0 col-lg-pull-0 col-xs-push-0 col-sm-push-0 col-md-push-0 col-lg-push-0\">\n<div class=\"cherry-spacer   hidden-xs hidden-sm\" style=\"height:23px;\"><\/div><div class=\"cherry-spacer   visible-sm-block\" style=\"height:23px;\"><\/div><div class=\"cherry-spacer   visible-xs-block\" style=\"height:23px;\"><\/div>\n<\/div>\n<\/div>\n<div class=\"row row-edge\" >\n<div class=\"col-xs-12 col-sm-6 col-md-6 col-lg-6 col-xs-offset-0 col-sm-offset-0 col-md-offset-0 col-lg-offset-0 col-xs-pull-0 col-sm-pull-0 col-md-pull-0 col-lg-pull-0 col-xs-push-0 col-sm-push-0 col-md-push-0 col-lg-push-0\">\n<div class=\"motopress-text-obj\">\n<p><span style=\"font-weight: 400;\">Nasza firma zajmuje si\u0119 transportem samochod\u00f3w osobowych i ci\u0119\u017carowych do Polski na naprawy bie\u017c\u0105ce, lakiernicze jak i renowacyjne. Wykonujemy r\u00f3wnie\u017c naprawy renowacje samochod\u00f3w zabytkowych. Transport aut pozwala na znaczne zniwelowanie koszt\u00f3w wykonywania us\u0142ug.<\/span><\/p>\n<\/div>\n<\/div>\n<div class=\"col-xs-12 col-sm-6 col-md-6 col-lg-6 col-xs-offset-0 col-sm-offset-0 col-md-offset-0 col-lg-offset-0 col-xs-pull-0 col-sm-pull-0 col-md-pull-0 col-lg-pull-0 col-xs-push-0 col-sm-push-0 col-md-push-0 col-lg-push-0\">\n<div class=\"motopress-text-obj\">\n<p><span style=\"font-weight: 400;\">Sprowadzamy maszyny i urz\u0105dzenia, naczepy, przyczepy, cz\u0119\u015bci do samochod\u00f3w osobowych i ci\u0119\u017carowych. Pomagamy w zakupie towar\u00f3w i us\u0142ug na terenie Polski, przeprowadzamy klienta przez proces zakupowy, negocjacjami. Wykonujemy te\u017c pe\u0142ne t\u0142umaczenia z Polskiego na Norweski i Norweskiego na Polski.<\/span><\/p>\n<\/div>\n<\/div>\n<\/div>\n<div class=\"row row-edge\" >\n<div class=\"col-md-12 col-xs-offset-0 col-sm-offset-0 col-md-offset-0 col-lg-offset-0 col-xs-pull-0 col-sm-pull-0 col-md-pull-0 col-lg-pull-0 col-xs-push-0 col-sm-push-0 col-md-push-0 col-lg-push-0\">\n<div class=\"cherry-spacer   hidden-xs hidden-sm\" style=\"height:40px;\"><\/div><div class=\"cherry-spacer   visible-sm-block\" style=\"height:40px;\"><\/div><div class=\"cherry-spacer   visible-xs-block\" style=\"height:40px;\"><\/div>\n<\/div>\n<\/div>\n<\/div>\n<\/div><\/div><\/div>\n<div class=\"row\" ><section class=\"parallax-box image-parallax-box\" style=\"min-height: 300px\"><div class=\"parallax-content\"><div class=\"container-fluid\"><div class=\"row row-edge\">\n<div class=\"col-md-12 col-xs-offset-0 col-sm-offset-0 col-md-offset-0 col-lg-offset-0 col-xs-pull-0 col-sm-pull-0 col-md-pull-0 col-lg-pull-0 col-xs-push-0 col-sm-push-0 col-md-push-0 col-lg-push-0\">\n<div class=\"row row-edge\" >\n<div class=\"col-md-12 col-xs-offset-0 col-sm-offset-0 col-md-offset-0 col-lg-offset-0 col-xs-pull-0 col-sm-pull-0 col-md-pull-0 col-lg-pull-0 col-xs-push-0 col-sm-push-0 col-md-push-0 col-lg-push-0\">\n<div class=\"cherry-spacer   hidden-xs hidden-sm\" style=\"height:180px;\"><\/div><div class=\"cherry-spacer   visible-sm-block\" style=\"height:120px;\"><\/div><div class=\"cherry-spacer   visible-xs-block\" style=\"height:100px;\"><\/div>\n<\/div>\n<\/div>\n<div class=\"row\" ><div class=\"container\"><div class=\"row row-edge\">\n<div class=\"col-md-12 col-xs-offset-0 col-sm-offset-0 col-md-offset-0 col-lg-offset-0 col-xs-pull-0 col-sm-pull-0 col-md-pull-0 col-lg-pull-0 col-xs-push-0 col-sm-push-0 col-md-push-0 col-lg-push-0\">\n<div class=\"motopress-text-obj motopress-margin-bottom-0 light\">\n<h2 style=\"text-align: center;\"><strong><span style=\"color: #ffffff;\">Pomoc na ka\u017cdym<\/span><\/strong><\/h2>\n<h2 style=\"text-align: center;\"><span style=\"color: #ffffff;\">Etapie realizacji zam\u00f3wienia<\/span><\/h2>\n<\/div>\n<\/div>\n<\/div><\/div><\/div>\n<div class=\"row row-edge\" >\n<div class=\"col-md-12 col-xs-offset-0 col-sm-offset-0 col-md-offset-0 col-lg-offset-0 col-xs-pull-0 col-sm-pull-0 col-md-pull-0 col-lg-pull-0 col-xs-push-0 col-sm-push-0 col-md-push-0 col-lg-push-0\">\n<div class=\"cherry-spacer   hidden-xs hidden-sm\" style=\"height:23px;\"><\/div><div class=\"cherry-spacer   visible-sm-block\" style=\"height:23px;\"><\/div><div class=\"cherry-spacer   visible-xs-block\" style=\"height:23px;\"><\/div>\n<\/div>\n<\/div>\n<div class=\"row\" ><div class=\"container\"><div class=\"row row-edge\">\n<div class=\"col-md-12 col-xs-offset-0 col-sm-offset-0 col-md-offset-0 col-lg-offset-0 col-xs-pull-0 col-sm-pull-0 col-md-pull-0 col-lg-pull-0 col-xs-push-0 col-sm-push-0 col-md-push-0 col-lg-push-0\">\n<\/div>\n<\/div><\/div><\/div>\n<div class=\"row row-edge\" >\n<div class=\"col-md-12 col-xs-offset-0 col-sm-offset-0 col-md-offset-0 col-lg-offset-0 col-xs-pull-0 col-sm-pull-0 col-md-pull-0 col-lg-pull-0 col-xs-push-0 col-sm-push-0 col-md-push-0 col-lg-push-0\">\n<div class=\"cherry-spacer   hidden-xs hidden-sm\" style=\"height:160px;\"><\/div><div class=\"cherry-spacer   visible-sm-block\" style=\"height:160px;\"><\/div><div class=\"cherry-spacer   visible-xs-block\" style=\"height:160px;\"><\/div>\n<\/div>\n<\/div>\n<\/div>\n<\/div><\/div><div class=\"clear\"><\/div><\/div><div class=\"parallax-bg\" data-parallax-type=\"image\" data-img-url=\"https:\/\/automotive-trade.com\/wp-content\/uploads\/2020\/03\/tlo6-1.jpg\" data-speed=\"4\" data-invert=\"1\" ><\/div><\/section><\/div>\n<div class=\"row row-edge\" >\n<div class=\"col-md-12 col-xs-offset-0 col-sm-offset-0 col-md-offset-0 col-lg-offset-0 col-xs-pull-0 col-sm-pull-0 col-md-pull-0 col-lg-pull-0 col-xs-push-0 col-sm-push-0 col-md-push-0 col-lg-push-0\">\n<div class=\"row row-edge\" >\n<div class=\"col-md-12 col-xs-offset-0 col-sm-offset-0 col-md-offset-0 col-lg-offset-0 col-xs-pull-0 col-sm-pull-0 col-md-pull-0 col-lg-pull-0 col-xs-push-0 col-sm-push-0 col-md-push-0 col-lg-push-0\">\n<div class=\"cherry-spacer   hidden-xs hidden-sm\" style=\"height:62px;\"><\/div><div class=\"cherry-spacer   visible-sm-block\" style=\"height:62px;\"><\/div><div class=\"cherry-spacer   visible-xs-block\" style=\"height:62px;\"><\/div>\n<\/div>\n<\/div>\n<div class=\"row\" ><div class=\"container\"><div class=\"row row-edge\">\n<div class=\"col-md-12 col-xs-offset-0 col-sm-offset-0 col-md-offset-0 col-lg-offset-0 col-xs-pull-0 col-sm-pull-0 col-md-pull-0 col-lg-pull-0 col-xs-push-0 col-sm-push-0 col-md-push-0 col-lg-push-0\">\n<div class=\"motopress-text-obj motopress-margin-bottom-0 light\">\n<h2 style=\"text-align: center;\">Co nas <strong>wyr\u00f3\u017cnia<\/strong><\/h2>\n<\/div>\n<\/div>\n<\/div><\/div><\/div>\n<\/div>\n<\/div>\n<div class=\"row row-edge\" >\n<div class=\"col-md-12 col-xs-offset-0 col-sm-offset-0 col-md-offset-0 col-lg-offset-0 col-xs-pull-0 col-sm-pull-0 col-md-pull-0 col-lg-pull-0 col-xs-push-0 col-sm-push-0 col-md-push-0 col-lg-push-0\">\n<div class=\"cherry-spacer   hidden-xs hidden-sm\" style=\"height:23px;\"><\/div><div class=\"cherry-spacer   visible-sm-block\" style=\"height:23px;\"><\/div><div class=\"cherry-spacer   visible-xs-block\" style=\"height:23px;\"><\/div>\n<\/div>\n<\/div>\n<div class=\"row\" ><div class=\"container\"><div class=\"row row-edge\">\n<div class=\"col-xs-12 col-sm-6 col-md-6 col-lg-6 col-xs-offset-0 col-sm-offset-0 col-md-offset-0 col-lg-offset-0 col-xs-pull-0 col-sm-pull-0 col-md-pull-0 col-lg-pull-0 col-xs-push-0 col-sm-push-0 col-md-push-0 col-lg-push-0\">\n<div class=\"motopress-list-obj  motopress-list-obj-basic\">\n<ul class=\"motopress-list-type-icon\">\n<li><i  style=\"color:#e1252a;\" class=\"fa fa-angle-right\"><\/i>Bogate do\u015bwiadczenie poparte wieloletnim sta\u017cem. Sta\u0142a wsp\u00f3\u0142praca z wieloma firmami.<\/li>\n<\/ul>\n<\/div>\n<\/div>\n<div class=\"col-xs-12 col-sm-6 col-md-6 col-lg-6 col-xs-offset-0 col-sm-offset-0 col-md-offset-0 col-lg-offset-0 col-xs-pull-0 col-sm-pull-0 col-md-pull-0 col-lg-pull-0 col-xs-push-0 col-sm-push-0 col-md-push-0 col-lg-push-0\">\n<div class=\"motopress-list-obj  motopress-list-obj-basic\">\n<ul class=\"motopress-list-type-icon\">\n<li><i  style=\"color:#e1252a;\" class=\"fa fa-angle-right\"><\/i>Nasza us\u0142uga importu obejmuje wszystkie etapy sprowadzenia cz\u0119\u015bci do kraju, od zakupu, przez transporty i odprawy celne, po dostaw\u0119 do klienta w dowolne miejsce w Polsce lub Norwegii.<\/li>\n<\/ul>\n<\/div>\n<\/div>\n<\/div><\/div><\/div>\n<div class=\"row row-edge\" >\n<div class=\"col-md-12 col-xs-offset-0 col-sm-offset-0 col-md-offset-0 col-lg-offset-0 col-xs-pull-0 col-sm-pull-0 col-md-pull-0 col-lg-pull-0 col-xs-push-0 col-sm-push-0 col-md-push-0 col-lg-push-0\">\n<div class=\"cherry-spacer   hidden-xs hidden-sm\" style=\"height:10px;\"><\/div><div class=\"cherry-spacer   visible-sm-block\" style=\"height:10px;\"><\/div><div class=\"cherry-spacer   visible-xs-block\" style=\"height:10px;\"><\/div>\n<\/div>\n<\/div>\n<div class=\"row\" ><div class=\"container\"><div class=\"row row-edge\">\n<div class=\"col-xs-12 col-sm-6 col-md-6 col-lg-6 col-xs-offset-0 col-sm-offset-0 col-md-offset-0 col-lg-offset-0 col-xs-pull-0 col-sm-pull-0 col-md-pull-0 col-lg-pull-0 col-xs-push-0 col-sm-push-0 col-md-push-0 col-lg-push-0\">\n<div class=\"motopress-list-obj  motopress-list-obj-basic\">\n<ul class=\"motopress-list-type-icon\">\n<li><i  style=\"color:#e1252a;\" class=\"fa fa-angle-right\"><\/i>Atrakcyjne ceny dzi\u0119ki wieloletniej wsp\u00f3\u0142pracy z wieloma firmami i umiej\u0119tno\u015bci\u0105 negocjacyjnym.<\/li>\n<\/ul>\n<\/div>\n<\/div>\n<div class=\"col-xs-12 col-sm-6 col-md-6 col-lg-6 col-xs-offset-0 col-sm-offset-0 col-md-offset-0 col-lg-offset-0 col-xs-pull-0 col-sm-pull-0 col-md-pull-0 col-lg-pull-0 col-xs-push-0 col-sm-push-0 col-md-push-0 col-lg-push-0\">\n<div class=\"motopress-list-obj  motopress-list-obj-basic\">\n<ul class=\"motopress-list-type-icon\">\n<li><i  style=\"color:#e1252a;\" class=\"fa fa-angle-right\"><\/i>Bardzo dobra znajomo\u015b\u0107 rynku skandynawskiego oraz mentalno\u015bci klient\u00f3w.<\/li>\n<\/ul>\n<\/div>\n<\/div>\n<\/div><\/div><\/div>\n<div class=\"row row-edge\" >\n<div class=\"col-md-12 col-xs-offset-0 col-sm-offset-0 col-md-offset-0 col-lg-offset-0 col-xs-pull-0 col-sm-pull-0 col-md-pull-0 col-lg-pull-0 col-xs-push-0 col-sm-push-0 col-md-push-0 col-lg-push-0\">\n<div class=\"cherry-spacer   hidden-xs hidden-sm\" style=\"height:48px;\"><\/div><div class=\"cherry-spacer   visible-sm-block\" style=\"height:48px;\"><\/div><div class=\"cherry-spacer   visible-xs-block\" style=\"height:48px;\"><\/div>\n<\/div>\n<\/div>","protected":false},"excerpt":{"rendered":"","protected":false},"author":1,"featured_media":0,"parent":0,"menu_order":1,"comment_status":"open","ping_status":"closed","template":"","meta":{"footnotes":""},"class_list":["post-1203","page","type-page","status-publish","hentry"],"_links":{"self":[{"href":"https:\/\/automotive-trade.com\/nb\/wp-json\/wp\/v2\/pages\/1203","targetHints":{"allow":["GET"]}}],"collection":[{"href":"https:\/\/automotive-trade.com\/nb\/wp-json\/wp\/v2\/pages"}],"about":[{"href":"https:\/\/automotive-trade.com\/nb\/wp-json\/wp\/v2\/types\/page"}],"author":[{"embeddable":true,"href":"https:\/\/automotive-trade.com\/nb\/wp-json\/wp\/v2\/users\/1"}],"replies":[{"embeddable":true,"href":"https:\/\/automotive-trade.com\/nb\/wp-json\/wp\/v2\/comments?post=1203"}],"version-history":[{"count":60,"href":"https:\/\/automotive-trade.com\/nb\/wp-json\/wp\/v2\/pages\/1203\/revisions"}],"predecessor-version":[{"id":1520,"href":"https:\/\/automotive-trade.com\/nb\/wp-json\/wp\/v2\/pages\/1203\/revisions\/1520"}],"wp:attachment":[{"href":"https:\/\/automotive-trade.com\/nb\/wp-json\/wp\/v2\/media?parent=1203"}],"curies":[{"name":"wp","href":"https:\/\/api.w.org\/{rel}","templated":true}]}}