{"id":1532,"date":"2020-03-23T19:39:42","date_gmt":"2020-03-23T19:39:42","guid":{"rendered":"https:\/\/automotive-trade.com\/?page_id=1532"},"modified":"2020-03-23T19:42:44","modified_gmt":"2020-03-23T19:42:44","slug":"importera-exportera","status":"publish","type":"page","link":"https:\/\/automotive-trade.com\/sv\/importera-exportera\/","title":{"rendered":"Importera \/ exportera"},"content":{"rendered":"<div class=\"row\" ><div class=\"container\"><div class=\"row row-edge\">\n<div class=\"col-md-12 col-xs-offset-0 col-sm-offset-0 col-md-offset-0 col-lg-offset-0 col-xs-pull-0 col-sm-pull-0 col-md-pull-0 col-lg-pull-0 col-xs-push-0 col-sm-push-0 col-md-push-0 col-lg-push-0\">\n<div class=\"row row-edge\" >\n<div class=\"col-md-12 col-xs-offset-0 col-sm-offset-0 col-md-offset-0 col-lg-offset-0 col-xs-pull-0 col-sm-pull-0 col-md-pull-0 col-lg-pull-0 col-xs-push-0 col-sm-push-0 col-md-push-0 col-lg-push-0\">\n<div class=\"motopress-text-obj motopress-margin-bottom-0 light\">\n<h2 style=\"text-align: center;\">Importera \/ exportera<\/h2>\n<h4 style=\"text-align: center;\">nya och begagnade delar<\/h4>\n<\/div>\n<\/div>\n<\/div>\n<div class=\"row row-edge\" >\n<div class=\"col-md-12 col-xs-offset-0 col-sm-offset-0 col-md-offset-0 col-lg-offset-0 col-xs-pull-0 col-sm-pull-0 col-md-pull-0 col-lg-pull-0 col-xs-push-0 col-sm-push-0 col-md-push-0 col-lg-push-0\">\n<div class=\"cherry-spacer   hidden-xs hidden-sm\" style=\"height:23px;\"><\/div><div class=\"cherry-spacer   visible-sm-block\" style=\"height:23px;\"><\/div><div class=\"cherry-spacer   visible-xs-block\" style=\"height:23px;\"><\/div>\n<\/div>\n<\/div>\n<div class=\"row row-edge\" >\n<div class=\"col-xs-12 col-sm-6 col-md-6 col-lg-6 col-xs-offset-0 col-sm-offset-0 col-md-offset-0 col-lg-offset-0 col-xs-pull-0 col-sm-pull-0 col-md-pull-0 col-lg-pull-0 col-xs-push-0 col-sm-push-0 col-md-push-0 col-lg-push-0\">\n<div class=\"motopress-text-obj\">\n<p>V\u00e5rt f\u00f6retag handlar med transport av personbilar och lastbilar till Polen f\u00f6r nuvarande reparationer, f\u00e4rg och renovering. Vi utf\u00f6r ocks\u00e5 reparationer och renoveringar av veteranbilar. Med biltransport kan du s\u00e4nka kostnaderna f\u00f6r tj\u00e4nster betydligt.<\/p>\n<\/div>\n<\/div>\n<div class=\"col-xs-12 col-sm-6 col-md-6 col-lg-6 col-xs-offset-0 col-sm-offset-0 col-md-offset-0 col-lg-offset-0 col-xs-pull-0 col-sm-pull-0 col-md-pull-0 col-lg-pull-0 col-xs-push-0 col-sm-push-0 col-md-push-0 col-lg-push-0\">\n<div class=\"motopress-text-obj\">\n<p>Vi importerar maskiner och utrustning, p\u00e5h\u00e4ngsvagnar, sl\u00e4pvagnar, delar till bilar och lastbilar. Vi hj\u00e4lper till med ink\u00f6p av varor och tj\u00e4nster i Polen, vi leder kunden genom k\u00f6pprocessen och f\u00f6rhandlingarna. Vi erbjuder ocks\u00e5 fullst\u00e4ndiga \u00f6vers\u00e4ttningar fr\u00e5n polska till norska och norska till polska.<\/p>\n<\/div>\n<\/div>\n<\/div>\n<div class=\"row row-edge\" >\n<div class=\"col-md-12 col-xs-offset-0 col-sm-offset-0 col-md-offset-0 col-lg-offset-0 col-xs-pull-0 col-sm-pull-0 col-md-pull-0 col-lg-pull-0 col-xs-push-0 col-sm-push-0 col-md-push-0 col-lg-push-0\">\n<div class=\"cherry-spacer   hidden-xs hidden-sm\" style=\"height:40px;\"><\/div><div class=\"cherry-spacer   visible-sm-block\" style=\"height:40px;\"><\/div><div class=\"cherry-spacer   visible-xs-block\" style=\"height:40px;\"><\/div>\n<\/div>\n<\/div>\n<\/div>\n<\/div><\/div><\/div>\n<div class=\"row\" ><section class=\"parallax-box image-parallax-box\" style=\"min-height: 300px\"><div class=\"parallax-content\"><div class=\"container-fluid\"><div class=\"row row-edge\">\n<div class=\"col-md-12 col-xs-offset-0 col-sm-offset-0 col-md-offset-0 col-lg-offset-0 col-xs-pull-0 col-sm-pull-0 col-md-pull-0 col-lg-pull-0 col-xs-push-0 col-sm-push-0 col-md-push-0 col-lg-push-0\">\n<div class=\"row row-edge\" >\n<div class=\"col-md-12 col-xs-offset-0 col-sm-offset-0 col-md-offset-0 col-lg-offset-0 col-xs-pull-0 col-sm-pull-0 col-md-pull-0 col-lg-pull-0 col-xs-push-0 col-sm-push-0 col-md-push-0 col-lg-push-0\">\n<div class=\"cherry-spacer   hidden-xs hidden-sm\" style=\"height:180px;\"><\/div><div class=\"cherry-spacer   visible-sm-block\" style=\"height:120px;\"><\/div><div class=\"cherry-spacer   visible-xs-block\" style=\"height:100px;\"><\/div>\n<\/div>\n<\/div>\n<div class=\"row\" ><div class=\"container\"><div class=\"row row-edge\">\n<div class=\"col-md-12 col-xs-offset-0 col-sm-offset-0 col-md-offset-0 col-lg-offset-0 col-xs-pull-0 col-sm-pull-0 col-md-pull-0 col-lg-pull-0 col-xs-push-0 col-sm-push-0 col-md-push-0 col-lg-push-0\">\n<div class=\"motopress-text-obj motopress-margin-bottom-0 light\">\n<h2 style=\"text-align: center;\"><strong><span style=\"color: #ffffff;\">Hj\u00e4lp i varje<\/span><\/strong><\/h2>\n<h2 style=\"text-align: center;\"><strong><span style=\"color: #ffffff;\">skede av kontraktet<\/span><\/strong><\/h2>\n<\/div>\n<\/div>\n<\/div><\/div><\/div>\n<div class=\"row row-edge\" >\n<div class=\"col-md-12 col-xs-offset-0 col-sm-offset-0 col-md-offset-0 col-lg-offset-0 col-xs-pull-0 col-sm-pull-0 col-md-pull-0 col-lg-pull-0 col-xs-push-0 col-sm-push-0 col-md-push-0 col-lg-push-0\">\n<div class=\"cherry-spacer   hidden-xs hidden-sm\" style=\"height:23px;\"><\/div><div class=\"cherry-spacer   visible-sm-block\" style=\"height:23px;\"><\/div><div class=\"cherry-spacer   visible-xs-block\" style=\"height:23px;\"><\/div>\n<\/div>\n<\/div>\n<div class=\"row\" ><div class=\"container\"><div class=\"row row-edge\">\n<div class=\"col-md-12 col-xs-offset-0 col-sm-offset-0 col-md-offset-0 col-lg-offset-0 col-xs-pull-0 col-sm-pull-0 col-md-pull-0 col-lg-pull-0 col-xs-push-0 col-sm-push-0 col-md-push-0 col-lg-push-0\">\n<\/div>\n<\/div><\/div><\/div>\n<div class=\"row row-edge\" >\n<div class=\"col-md-12 col-xs-offset-0 col-sm-offset-0 col-md-offset-0 col-lg-offset-0 col-xs-pull-0 col-sm-pull-0 col-md-pull-0 col-lg-pull-0 col-xs-push-0 col-sm-push-0 col-md-push-0 col-lg-push-0\">\n<div class=\"cherry-spacer   hidden-xs hidden-sm\" style=\"height:160px;\"><\/div><div class=\"cherry-spacer   visible-sm-block\" style=\"height:160px;\"><\/div><div class=\"cherry-spacer   visible-xs-block\" style=\"height:160px;\"><\/div>\n<\/div>\n<\/div>\n<\/div>\n<\/div><\/div><div class=\"clear\"><\/div><\/div><div class=\"parallax-bg\" data-parallax-type=\"image\" data-img-url=\"https:\/\/automotive-trade.com\/wp-content\/uploads\/2020\/03\/tlo6-1.jpg\" data-speed=\"4\" data-invert=\"1\" ><\/div><\/section><\/div>\n<div class=\"row row-edge\" >\n<div class=\"col-md-12 col-xs-offset-0 col-sm-offset-0 col-md-offset-0 col-lg-offset-0 col-xs-pull-0 col-sm-pull-0 col-md-pull-0 col-lg-pull-0 col-xs-push-0 col-sm-push-0 col-md-push-0 col-lg-push-0\">\n<div class=\"row row-edge\" >\n<div class=\"col-md-12 col-xs-offset-0 col-sm-offset-0 col-md-offset-0 col-lg-offset-0 col-xs-pull-0 col-sm-pull-0 col-md-pull-0 col-lg-pull-0 col-xs-push-0 col-sm-push-0 col-md-push-0 col-lg-push-0\">\n<div class=\"cherry-spacer   hidden-xs hidden-sm\" style=\"height:62px;\"><\/div><div class=\"cherry-spacer   visible-sm-block\" style=\"height:62px;\"><\/div><div class=\"cherry-spacer   visible-xs-block\" style=\"height:62px;\"><\/div>\n<\/div>\n<\/div>\n<div class=\"row\" ><div class=\"container\"><div class=\"row row-edge\">\n<div class=\"col-md-12 col-xs-offset-0 col-sm-offset-0 col-md-offset-0 col-lg-offset-0 col-xs-pull-0 col-sm-pull-0 col-md-pull-0 col-lg-pull-0 col-xs-push-0 col-sm-push-0 col-md-push-0 col-lg-push-0\">\n<div class=\"motopress-text-obj motopress-margin-bottom-0 light\">\n<h2 style=\"text-align: center;\">Vad g\u00f6r oss annorlunda?<\/h2>\n<\/div>\n<\/div>\n<\/div><\/div><\/div>\n<\/div>\n<\/div>\n<div class=\"row row-edge\" >\n<div class=\"col-md-12 col-xs-offset-0 col-sm-offset-0 col-md-offset-0 col-lg-offset-0 col-xs-pull-0 col-sm-pull-0 col-md-pull-0 col-lg-pull-0 col-xs-push-0 col-sm-push-0 col-md-push-0 col-lg-push-0\">\n<div class=\"cherry-spacer   hidden-xs hidden-sm\" style=\"height:23px;\"><\/div><div class=\"cherry-spacer   visible-sm-block\" style=\"height:23px;\"><\/div><div class=\"cherry-spacer   visible-xs-block\" style=\"height:23px;\"><\/div>\n<\/div>\n<\/div>\n<div class=\"row\" ><div class=\"container\"><div class=\"row row-edge\">\n<div class=\"col-xs-12 col-sm-6 col-md-6 col-lg-6 col-xs-offset-0 col-sm-offset-0 col-md-offset-0 col-lg-offset-0 col-xs-pull-0 col-sm-pull-0 col-md-pull-0 col-lg-pull-0 col-xs-push-0 col-sm-push-0 col-md-push-0 col-lg-push-0\">\n<div class=\"motopress-list-obj  motopress-list-obj-basic\">\n<ul class=\"motopress-list-type-icon\">\n<li><i  style=\"color:#e1252a;\" class=\"fa fa-angle-right\"><\/i>Omfattande erfarenhet som st\u00f6ds av m\u00e5nga \u00e5rs erfarenhet. St\u00e4ndigt samarbete med m\u00e5nga f\u00f6retag.<\/li>\n<\/ul>\n<\/div>\n<\/div>\n<div class=\"col-xs-12 col-sm-6 col-md-6 col-lg-6 col-xs-offset-0 col-sm-offset-0 col-md-offset-0 col-lg-offset-0 col-xs-pull-0 col-sm-pull-0 col-md-pull-0 col-lg-pull-0 col-xs-push-0 col-sm-push-0 col-md-push-0 col-lg-push-0\">\n<div class=\"motopress-list-obj  motopress-list-obj-basic\">\n<ul class=\"motopress-list-type-icon\">\n<li><i  style=\"color:#e1252a;\" class=\"fa fa-angle-right\"><\/i>V\u00e5r importtj\u00e4nst t\u00e4cker alla stadier f\u00f6r att ta med delar till landet, fr\u00e5n k\u00f6p, genom transporter och tullklarering, till leverans till kunden var som helst i Polen eller Norge.<\/li>\n<\/ul>\n<\/div>\n<\/div>\n<\/div><\/div><\/div>\n<div class=\"row row-edge\" >\n<div class=\"col-md-12 col-xs-offset-0 col-sm-offset-0 col-md-offset-0 col-lg-offset-0 col-xs-pull-0 col-sm-pull-0 col-md-pull-0 col-lg-pull-0 col-xs-push-0 col-sm-push-0 col-md-push-0 col-lg-push-0\">\n<div class=\"cherry-spacer   hidden-xs hidden-sm\" style=\"height:10px;\"><\/div><div class=\"cherry-spacer   visible-sm-block\" style=\"height:10px;\"><\/div><div class=\"cherry-spacer   visible-xs-block\" style=\"height:10px;\"><\/div>\n<\/div>\n<\/div>\n<div class=\"row\" ><div class=\"container\"><div class=\"row row-edge\">\n<div class=\"col-xs-12 col-sm-6 col-md-6 col-lg-6 col-xs-offset-0 col-sm-offset-0 col-md-offset-0 col-lg-offset-0 col-xs-pull-0 col-sm-pull-0 col-md-pull-0 col-lg-pull-0 col-xs-push-0 col-sm-push-0 col-md-push-0 col-lg-push-0\">\n<div class=\"motopress-list-obj  motopress-list-obj-basic\">\n<ul class=\"motopress-list-type-icon\">\n<li><i  style=\"color:#e1252a;\" class=\"fa fa-angle-right\"><\/i>Attraktiva priser tack vare m\u00e5nga \u00e5rs samarbete med m\u00e5nga f\u00f6retag och f\u00f6rhandlingsf\u00e4rdigheter.<\/li>\n<\/ul>\n<\/div>\n<\/div>\n<div class=\"col-xs-12 col-sm-6 col-md-6 col-lg-6 col-xs-offset-0 col-sm-offset-0 col-md-offset-0 col-lg-offset-0 col-xs-pull-0 col-sm-pull-0 col-md-pull-0 col-lg-pull-0 col-xs-push-0 col-sm-push-0 col-md-push-0 col-lg-push-0\">\n<div class=\"motopress-list-obj  motopress-list-obj-basic\">\n<ul class=\"motopress-list-type-icon\">\n<li><i  style=\"color:#e1252a;\" class=\"fa fa-angle-right\"><\/i>Mycket god kunskap om den skandinaviska marknaden och kundmentalitet.<\/li>\n<\/ul>\n<\/div>\n<\/div>\n<\/div><\/div><\/div>\n<div class=\"row row-edge\" >\n<div class=\"col-md-12 col-xs-offset-0 col-sm-offset-0 col-md-offset-0 col-lg-offset-0 col-xs-pull-0 col-sm-pull-0 col-md-pull-0 col-lg-pull-0 col-xs-push-0 col-sm-push-0 col-md-push-0 col-lg-push-0\">\n<div class=\"cherry-spacer   hidden-xs hidden-sm\" style=\"height:48px;\"><\/div><div class=\"cherry-spacer   visible-sm-block\" style=\"height:48px;\"><\/div><div class=\"cherry-spacer   visible-xs-block\" style=\"height:48px;\"><\/div>\n<\/div>\n<\/div>","protected":false},"excerpt":{"rendered":"","protected":false},"author":1,"featured_media":0,"parent":0,"menu_order":1,"comment_status":"open","ping_status":"closed","template":"","meta":{"footnotes":""},"class_list":["post-1532","page","type-page","status-publish","hentry"],"_links":{"self":[{"href":"https:\/\/automotive-trade.com\/sv\/wp-json\/wp\/v2\/pages\/1532","targetHints":{"allow":["GET"]}}],"collection":[{"href":"https:\/\/automotive-trade.com\/sv\/wp-json\/wp\/v2\/pages"}],"about":[{"href":"https:\/\/automotive-trade.com\/sv\/wp-json\/wp\/v2\/types\/page"}],"author":[{"embeddable":true,"href":"https:\/\/automotive-trade.com\/sv\/wp-json\/wp\/v2\/users\/1"}],"replies":[{"embeddable":true,"href":"https:\/\/automotive-trade.com\/sv\/wp-json\/wp\/v2\/comments?post=1532"}],"version-history":[{"count":5,"href":"https:\/\/automotive-trade.com\/sv\/wp-json\/wp\/v2\/pages\/1532\/revisions"}],"predecessor-version":[{"id":1538,"href":"https:\/\/automotive-trade.com\/sv\/wp-json\/wp\/v2\/pages\/1532\/revisions\/1538"}],"wp:attachment":[{"href":"https:\/\/automotive-trade.com\/sv\/wp-json\/wp\/v2\/media?parent=1532"}],"curies":[{"name":"wp","href":"https:\/\/api.w.org\/{rel}","templated":true}]}}