{"id":1564,"date":"2020-03-24T16:06:21","date_gmt":"2020-03-24T16:06:21","guid":{"rendered":"https:\/\/automotive-trade.com\/?page_id=1564"},"modified":"2025-09-30T14:21:44","modified_gmt":"2025-09-30T14:21:44","slug":"home-2","status":"publish","type":"page","link":"https:\/\/automotive-trade.com\/sv\/home-2\/","title":{"rendered":"Home"},"content":{"rendered":"<div class=\"row\" ><div class=\"container\"><div class=\"row row-edge\">\n<div class=\"col-xs-12 col-sm-6 col-md-6 col-lg-6 col-xs-offset-0 col-sm-offset-0 col-md-offset-0 col-lg-offset-0 col-xs-pull-0 col-sm-pull-0 col-md-pull-0 col-lg-pull-0 col-xs-push-0 col-sm-push-0 col-md-push-0 col-lg-push-0\">\n<div class=\"cherry-banner template-banner_1 banner-home-1 box-shadow bg-primary\"><a href=\"https:\/\/tuningdel.se\/\" class=\"cherry-banner_link\">\n\t<div class=\"cherry-banner_wrap\" style=\"background-image: url(); background-color:; color:#000\">\n\t\t<h2 class=\"cherry-banner_title\" style=\"color:#000;\"><\/h2>\n\t\t<div class=\"cherry-banner_content\">\n<p><img loading=\"lazy\" decoding=\"async\" class=\"alignnone size-medium wp-image-1073\" src=\"https:\/\/automotive-trade.com\/wp-content\/uploads\/2020\/02\/logo-tuningdel-300x77.png\" alt=\"\" width=\"300\" height=\"77\" srcset=\"https:\/\/automotive-trade.com\/wp-content\/uploads\/2020\/02\/logo-tuningdel-300x77.png 300w, https:\/\/automotive-trade.com\/wp-content\/uploads\/2020\/02\/logo-tuningdel.png 544w\" sizes=\"auto, (max-width: 300px) 100vw, 300px\" \/><\/p>\n<p><strong>TUNINGDEL.SE &#8211; ONLINE BUTIK<\/strong><\/p>\n<p>Ett omfattande utbud av bilavst\u00e4mningsdelar.<\/p>\n<p><strong>Kolla v\u00e5rt erbjudande &gt;&gt;<\/strong><\/p>\n<\/div>\n\t<\/div>\n<\/a><\/div>\n<\/div>\n<div class=\"col-xs-12 col-sm-6 col-md-6 col-lg-6 col-xs-offset-0 col-sm-offset-0 col-md-offset-0 col-lg-offset-0 col-xs-pull-0 col-sm-pull-0 col-md-pull-0 col-lg-pull-0 col-xs-push-0 col-sm-push-0 col-md-push-0 col-lg-push-0\">\n<div class=\"cherry-banner template-default banner-home-2 box-shadow bg-secondary\"><a href=\"https:\/\/automotivedel.com\/\" class=\"cherry-banner_link\">\n\t<div class=\"cherry-banner_wrap\" style=\"background-image: url(); background-color:; color:#fff\">\n\t\t<h2 class=\"cherry-banner_title\" style=\"color:#fff;\"><\/h2>\n\t\t<div class=\"cherry-banner_content\">\n<p><img loading=\"lazy\" decoding=\"async\" class=\"alignnone size-medium wp-image-1074\" src=\"https:\/\/automotive-trade.com\/wp-content\/uploads\/2020\/02\/logo-automotive-300x77.png\" alt=\"\" width=\"300\" height=\"77\" srcset=\"https:\/\/automotive-trade.com\/wp-content\/uploads\/2020\/02\/logo-automotive-300x77.png 300w, https:\/\/automotive-trade.com\/wp-content\/uploads\/2020\/02\/logo-automotive.png 544w\" sizes=\"auto, (max-width: 300px) 100vw, 300px\" \/><\/p>\n<p><strong>AUTOMOTIVEDEL.COM &#8211; ONLINE BUTIK<\/strong><\/p>\n<p>Ett omfattande utbud av personbilsdelar.<\/p>\n<p><strong>Kolla v\u00e5rt erbjudande &gt;&gt;<\/strong><\/p>\n<\/div>\n\t<\/div>\n<\/a><\/div>\n<\/div>\n<\/div><\/div><\/div>\n<div class=\"row\" ><div class=\"container\"><div class=\"row row-edge\">\n<div class=\"col-md-12 col-xs-offset-0 col-sm-offset-0 col-md-offset-0 col-lg-offset-0 col-xs-pull-0 col-sm-pull-0 col-md-pull-0 col-lg-pull-0 col-xs-push-0 col-sm-push-0 col-md-push-0 col-lg-push-0\">\n<div class=\"row row-edge\" >\n<div class=\"col-md-12 col-xs-offset-0 col-sm-offset-0 col-md-offset-0 col-lg-offset-0 col-xs-pull-0 col-sm-pull-0 col-md-pull-0 col-lg-pull-0 col-xs-push-0 col-sm-push-0 col-md-push-0 col-lg-push-0\">\n<div class=\"cherry-spacer   hidden-xs hidden-sm\" style=\"height:52px;\"><\/div><div class=\"cherry-spacer   visible-sm-block\" style=\"height:52px;\"><\/div><div class=\"cherry-spacer   visible-xs-block\" style=\"height:52px;\"><\/div>\n<\/div>\n<\/div>\n<div class=\"row row-edge\" >\n<div class=\"col-md-12 col-xs-offset-0 col-sm-offset-0 col-md-offset-0 col-lg-offset-0 col-xs-pull-0 col-sm-pull-0 col-md-pull-0 col-lg-pull-0 col-xs-push-0 col-sm-push-0 col-md-push-0 col-lg-push-0\">\n<div class=\"motopress-text-obj motopress-margin-bottom-0\">\n<h2 style=\"text-align: center;\"><span style=\"color: #e1252a;\">Om oss<\/span><\/h2>\n<\/div>\n<\/div>\n<\/div>\n<div class=\"row row-edge\" >\n<div class=\"col-md-12 col-xs-offset-0 col-sm-offset-0 col-md-offset-0 col-lg-offset-0 col-xs-pull-0 col-sm-pull-0 col-md-pull-0 col-lg-pull-0 col-xs-push-0 col-sm-push-0 col-md-push-0 col-lg-push-0\">\n<div class=\"motopress-text-obj motopress-margin-bottom-15 light\">\n<h2 style=\"text-align: center;\">Automotive<\/h2>\n<\/div>\n<\/div>\n<\/div>\n<div class=\"row row-edge\" >\n<div class=\"col-xs-12 col-sm-6 col-md-6 col-lg-6 col-xs-offset-0 col-sm-offset-0 col-md-offset-0 col-lg-offset-0 col-xs-pull-0 col-sm-pull-0 col-md-pull-0 col-lg-pull-0 col-xs-push-0 col-sm-push-0 col-md-push-0 col-lg-push-0\">\n<div class=\"motopress-text-obj\">\n<p>Vi importerar delar f\u00f6r bilar, maskiner och utrustning. Vi hj\u00e4lper och guider kunden genom hela k\u00f6pprocessen. Ett exempel \u00e4r ink\u00f6p av maskiner och utrustning och hj\u00e4lp vid f\u00f6rhandlingar f\u00f6r att f\u00e5 de b\u00e4sta priserna. Vi har m\u00e5nga bepr\u00f6vade kontakter och aff\u00e4rsm\u00f6jligheter.<\/p>\n<\/div>\n<\/div>\n<div class=\"col-xs-12 col-sm-6 col-md-6 col-lg-6 col-xs-offset-0 col-sm-offset-0 col-md-offset-0 col-lg-offset-0 col-xs-pull-0 col-sm-pull-0 col-md-pull-0 col-lg-pull-0 col-xs-push-0 col-sm-push-0 col-md-push-0 col-lg-push-0\">\n<div class=\"motopress-text-obj\">\n<p>V\u00e5rt fordonsf\u00f6retag kan f\u00f6rhandla fram attraktiva samarbetsvillkor mellan utl\u00e4ndska f\u00f6retag. Vi k\u00e4nner den skandinaviska marknaden mycket v\u00e4l med mentaliteten hos v\u00e5ra kunder. Vi har m\u00e5nga n\u00f6jda kunder.<\/p>\n<\/div>\n<\/div>\n<div class=\"col-xs-12 col-sm-6 col-md-6 col-lg-6 col-xs-offset-0 col-sm-offset-0 col-md-offset-0 col-lg-offset-0 col-xs-pull-0 col-sm-pull-0 col-md-pull-0 col-lg-pull-0 col-xs-push-0 col-sm-push-0 col-md-push-0 col-lg-push-0\">\n<a class=\"cherry-btn cherry-btn-primary cherry-btn-medium cherry-btn-inline cherry-btn-fade offset-1\" target=\"_self\" href=\"https:\/\/automotive-trade.com\/sv\/nn\/om-oss-2\/\">Mer<\/a>\n<\/div>\n<\/div>\n<div class=\"row row-edge\" >\n<div class=\"col-md-12 col-xs-offset-0 col-sm-offset-0 col-md-offset-0 col-lg-offset-0 col-xs-pull-0 col-sm-pull-0 col-md-pull-0 col-lg-pull-0 col-xs-push-0 col-sm-push-0 col-md-push-0 col-lg-push-0\">\n<div class=\"cherry-spacer   hidden-xs hidden-sm\" style=\"height:41px;\"><\/div><div class=\"cherry-spacer   visible-sm-block\" style=\"height:41px;\"><\/div><div class=\"cherry-spacer   visible-xs-block\" style=\"height:41px;\"><\/div>\n<\/div>\n<\/div>\n<\/div>\n<\/div><\/div><\/div>\n<div class=\"row bg-secondary\" ><section class=\"parallax-box video-parallax-box\" ><div class=\"parallax-content\"><div class=\"container-fluid\"><div class=\"row row-edge\">\n<div class=\"col-md-12 col-xs-offset-0 col-sm-offset-0 col-md-offset-0 col-lg-offset-0 col-xs-pull-0 col-sm-pull-0 col-md-pull-0 col-lg-pull-0 col-xs-push-0 col-sm-push-0 col-md-push-0 col-lg-push-0\">\n<div class=\"row row-edge\" >\n<div class=\"col-md-12 col-xs-offset-0 col-sm-offset-0 col-md-offset-0 col-lg-offset-0 col-xs-pull-0 col-sm-pull-0 col-md-pull-0 col-lg-pull-0 col-xs-push-0 col-sm-push-0 col-md-push-0 col-lg-push-0\">\n<div class=\"cherry-spacer   hidden-xs hidden-sm\" style=\"height:174px;\"><\/div><div class=\"cherry-spacer   visible-sm-block\" style=\"height:120px;\"><\/div><div class=\"cherry-spacer   visible-xs-block\" style=\"height:100px;\"><\/div>\n<\/div>\n<\/div>\n<div class=\"row\" ><div class=\"container\"><div class=\"row row-edge\">\n<div class=\"col-md-12 col-xs-offset-0 col-sm-offset-0 col-md-offset-0 col-lg-offset-0 col-xs-pull-0 col-sm-pull-0 col-md-pull-0 col-lg-pull-0 col-xs-push-0 col-sm-push-0 col-md-push-0 col-lg-push-0\">\n<div class=\"motopress-text-obj motopress-margin-bottom-0\">\n<h2 style=\"text-align: center;\"><span style=\"color: #ffffff;\"><strong>Attraktiva samarbetsvillkor<\/strong><\/span><\/h2>\n<\/div>\n<\/div>\n<\/div><\/div><\/div>\n<div class=\"row row-edge\" >\n<div class=\"col-md-12 col-xs-offset-0 col-sm-offset-0 col-md-offset-0 col-lg-offset-0 col-xs-pull-0 col-sm-pull-0 col-md-pull-0 col-lg-pull-0 col-xs-push-0 col-sm-push-0 col-md-push-0 col-lg-push-0\">\n<div class=\"cherry-spacer   hidden-xs hidden-sm\" style=\"height:18px;\"><\/div><div class=\"cherry-spacer   visible-sm-block\" style=\"height:18px;\"><\/div><div class=\"cherry-spacer   visible-xs-block\" style=\"height:18px;\"><\/div>\n<\/div>\n<\/div>\n<div class=\"row\" ><div class=\"container\"><div class=\"row row-edge\">\n<div class=\"col-md-12 col-xs-offset-0 col-sm-offset-0 col-md-offset-0 col-lg-offset-0 col-xs-pull-0 col-sm-pull-0 col-md-pull-0 col-lg-pull-0 col-xs-push-0 col-sm-push-0 col-md-push-0 col-lg-push-0\">\n<div class=\"motopress-text-obj motopress-margin-bottom-10 light\">\n<h2 style=\"text-align: center;\"><span style=\"color: #ffffff;\"><strong>Med utl\u00e4ndska f\u00f6retag<\/strong><\/span><\/h2>\n<\/div>\n<\/div>\n<\/div><\/div><\/div>\n<div class=\"row row-edge\" >\n<div class=\"col-md-12 col-xs-offset-0 col-sm-offset-0 col-md-offset-0 col-lg-offset-0 col-xs-pull-0 col-sm-pull-0 col-md-pull-0 col-lg-pull-0 col-xs-push-0 col-sm-push-0 col-md-push-0 col-lg-push-0\">\n<div class=\"cherry-spacer   hidden-xs hidden-sm\" style=\"height:164px;\"><\/div><div class=\"cherry-spacer   visible-sm-block\" style=\"height:120px;\"><\/div><div class=\"cherry-spacer   visible-xs-block\" style=\"height:100px;\"><\/div>\n<\/div>\n<\/div>\n<\/div>\n<\/div><\/div><div class=\"clear\"><\/div><\/div><div class=\"parallax-bg\" data-parallax-type=\"video\" data-img-url=\"https:\/\/automotive-trade.com\/wp-content\/uploads\/2020\/03\/tlo4.jpg\" data-speed=\"1\" data-invert=\"\" ><video class=\"parallax_media parallax-bg-inner\" poster=\"https:\/\/automotive-trade.com\/wp-content\/uploads\/2020\/03\/tlo4.jpg\" loop><source src=\"http:\/\/tworma.pl\/Blog\/\/wp-content\/uploads\/2016\/01\/video-bg.mp4\" type=\"video\/mp4\"><source src=\"http:\/\/tworma.pl\/Blog\/\/wp-content\/uploads\/2016\/01\/video-bg.webm\" type=\"video\/webm\"><source src=\"http:\/\/tworma.pl\/Blog\/\/wp-content\/uploads\/2016\/01\/video-bg.ogv\" type=\"video\/ogg\"><\/video><\/div><\/section><\/div>\n<div class=\"row\" ><\/div>\n<div class=\"row row-edge\" >\n<div class=\"col-md-12 col-xs-offset-0 col-sm-offset-0 col-md-offset-0 col-lg-offset-0 col-xs-pull-0 col-sm-pull-0 col-md-pull-0 col-lg-pull-0 col-xs-push-0 col-sm-push-0 col-md-push-0 col-lg-push-0\">\n<div class=\"row row-edge\" >\n<div class=\"col-md-12 col-xs-offset-0 col-sm-offset-0 col-md-offset-0 col-lg-offset-0 col-xs-pull-0 col-sm-pull-0 col-md-pull-0 col-lg-pull-0 col-xs-push-0 col-sm-push-0 col-md-push-0 col-lg-push-0\">\n<div class=\"cherry-spacer   hidden-xs hidden-sm\" style=\"height:61px;\"><\/div><div class=\"cherry-spacer   visible-sm-block\" style=\"height:61px;\"><\/div><div class=\"cherry-spacer   visible-xs-block\" style=\"height:61px;\"><\/div>\n<\/div>\n<\/div>\n<div class=\"row\" ><div class=\"container\"><div class=\"row row-edge\">\n<div class=\"col-md-12 col-xs-offset-0 col-sm-offset-0 col-md-offset-0 col-lg-offset-0 col-xs-pull-0 col-sm-pull-0 col-md-pull-0 col-lg-pull-0 col-xs-push-0 col-sm-push-0 col-md-push-0 col-lg-push-0\">\n<div class=\"motopress-text-obj motopress-margin-bottom-0 light\">\n<h2 style=\"text-align: center;\"><strong>V\u00e5ra<\/strong> kunder<\/h2>\n<\/div>\n<\/div>\n<\/div><\/div><\/div>\n<div class=\"row row-edge\" ><\/div>\n<div class=\"col-xs-12 col-sm-12 col-md-12 col-lg-12\"><\/div>\n<div class=\"portfolio-wrap\"><div class=\"portfolio-filter with-ajax\" data-order-default=\"asc\" data-orderby-default=\"date\"><ul class=\"filter filter-category\"><\/ul><div class=\"clear\"><\/div><\/div><div class=\"portfolio-container masonry-layout loading-animation-move-up\"  data-post-per-page=\"12\" data-column=\"4\" data-list-layout=\"masonry-layout\" data-loading-mode=\"ajax-pagination\" data-item-margin=\"30\" data-fixed-height=\"370\" data-template=\"portfolio_masonry.tmpl\" data-posts-format=\"post-format-all\" data-single-term=\"\"><div class=\"portfolio-list\"  data-all-posts-count=\"1\"><\/div><\/div><\/div>\n<\/div>\n<\/div>\n<div class=\"row row-edge\" >\n<div class=\"col-md-12 col-xs-offset-0 col-sm-offset-0 col-md-offset-0 col-lg-offset-0 col-xs-pull-0 col-sm-pull-0 col-md-pull-0 col-lg-pull-0 col-xs-push-0 col-sm-push-0 col-md-push-0 col-lg-push-0\">\n<div class=\"cherry-spacer   hidden-xs hidden-sm\" style=\"height:35px;\"><\/div><div class=\"cherry-spacer   visible-sm-block\" style=\"height:35px;\"><\/div><div class=\"cherry-spacer   visible-xs-block\" style=\"height:35px;\"><\/div>\n<\/div>\n<\/div>\n<div class=\"row\" ><section class=\"parallax-box image-parallax-box\" style=\"min-height: 300px\"><div class=\"parallax-content\"><div class=\"container-fluid\"><div class=\"row row-edge\">\n<div class=\"col-md-12 col-xs-offset-0 col-sm-offset-0 col-md-offset-0 col-lg-offset-0 col-xs-pull-0 col-sm-pull-0 col-md-pull-0 col-lg-pull-0 col-xs-push-0 col-sm-push-0 col-md-push-0 col-lg-push-0\">\n<div class=\"row row-edge\" >\n<div class=\"col-md-12 col-xs-offset-0 col-sm-offset-0 col-md-offset-0 col-lg-offset-0 col-xs-pull-0 col-sm-pull-0 col-md-pull-0 col-lg-pull-0 col-xs-push-0 col-sm-push-0 col-md-push-0 col-lg-push-0\">\n<div class=\"cherry-spacer   hidden-xs hidden-sm\" style=\"height:174px;\"><\/div><div class=\"cherry-spacer   visible-sm-block\" style=\"height:120px;\"><\/div><div class=\"cherry-spacer   visible-xs-block\" style=\"height:100px;\"><\/div>\n<\/div>\n<\/div>\n<div class=\"row\" ><div class=\"container\"><div class=\"row row-edge\">\n<div class=\"col-md-12 col-xs-offset-0 col-sm-offset-0 col-md-offset-0 col-lg-offset-0 col-xs-pull-0 col-sm-pull-0 col-md-pull-0 col-lg-pull-0 col-xs-push-0 col-sm-push-0 col-md-push-0 col-lg-push-0\">\n<div class=\"motopress-text-obj motopress-margin-bottom-0\">\n<h2 style=\"text-align: center;\"><span style=\"color: #ffffff;\"><strong>L\u00e5ga<\/strong> priser<\/span><\/h2>\n<\/div>\n<\/div>\n<\/div><\/div><\/div>\n<div class=\"row row-edge\" >\n<div class=\"col-md-12 col-xs-offset-0 col-sm-offset-0 col-md-offset-0 col-lg-offset-0 col-xs-pull-0 col-sm-pull-0 col-md-pull-0 col-lg-pull-0 col-xs-push-0 col-sm-push-0 col-md-push-0 col-lg-push-0\">\n<div class=\"cherry-spacer   hidden-xs hidden-sm\" style=\"height:18px;\"><\/div><div class=\"cherry-spacer   visible-sm-block\" style=\"height:18px;\"><\/div><div class=\"cherry-spacer   visible-xs-block\" style=\"height:18px;\"><\/div>\n<\/div>\n<\/div>\n<div class=\"row\" ><div class=\"container\"><div class=\"row row-edge\">\n<div class=\"col-md-12 col-xs-offset-0 col-sm-offset-0 col-md-offset-0 col-lg-offset-0 col-xs-pull-0 col-sm-pull-0 col-md-pull-0 col-lg-pull-0 col-xs-push-0 col-sm-push-0 col-md-push-0 col-lg-push-0\">\n<div class=\"motopress-text-obj motopress-margin-bottom-10 light\">\n<h2 style=\"text-align: center;\"><span style=\"color: #ffffff;\">tack vare omfattande erfarenhet<\/span><\/h2>\n<\/div>\n<\/div>\n<\/div><\/div><\/div>\n<div class=\"row row-edge\" >\n<div class=\"col-md-12 col-xs-offset-0 col-sm-offset-0 col-md-offset-0 col-lg-offset-0 col-xs-pull-0 col-sm-pull-0 col-md-pull-0 col-lg-pull-0 col-xs-push-0 col-sm-push-0 col-md-push-0 col-lg-push-0\">\n<div class=\"cherry-spacer   hidden-xs hidden-sm\" style=\"height:164px;\"><\/div><div class=\"cherry-spacer   visible-sm-block\" style=\"height:164px;\"><\/div><div class=\"cherry-spacer   visible-xs-block\" style=\"height:164px;\"><\/div>\n<\/div>\n<\/div>\n<\/div>\n<\/div><\/div><div class=\"clear\"><\/div><\/div><div class=\"parallax-bg\" data-parallax-type=\"image\" data-img-url=\"https:\/\/automotive-trade.com\/wp-content\/uploads\/2020\/03\/tlo5.jpg\" data-speed=\"2\" data-invert=\"\" ><\/div><\/section><\/div>\n<div class=\"row\" ><div class=\"cherry-box   box-467\"><div class=\"inner\"><div class=\"container-fluid\"><div class=\"row row-edge\">\n<div class=\"col-md-12 col-xs-offset-0 col-sm-offset-0 col-md-offset-0 col-lg-offset-0 col-xs-pull-0 col-sm-pull-0 col-md-pull-0 col-lg-pull-0 col-xs-push-0 col-sm-push-0 col-md-push-0 col-lg-push-0\">\n<div class=\"row row-edge\" >\n<div class=\"col-md-12 col-xs-offset-0 col-sm-offset-0 col-md-offset-0 col-lg-offset-0 col-xs-pull-0 col-sm-pull-0 col-md-pull-0 col-lg-pull-0 col-xs-push-0 col-sm-push-0 col-md-push-0 col-lg-push-0\">\n<div class=\"cherry-spacer   hidden-xs hidden-sm\" style=\"height:24px;\"><\/div><div class=\"cherry-spacer   visible-sm-block\" style=\"height:24px;\"><\/div><div class=\"cherry-spacer   visible-xs-block\" style=\"height:24px;\"><\/div>\n<\/div>\n<\/div>\n<div class=\"row row-edge\" >\n<div class=\"col-md-12 col-xs-offset-0 col-sm-offset-0 col-md-offset-0 col-lg-offset-0 col-xs-pull-0 col-sm-pull-0 col-md-pull-0 col-lg-pull-0 col-xs-push-0 col-sm-push-0 col-md-push-0 col-lg-push-0\">\n<div class=\"motopress-text-obj motopress-margin-bottom-0\">\n<h2 style=\"text-align: center;\"><span style=\"color: #ffffff;\"><strong>recensioner<\/strong><\/span><\/h2>\n<\/div>\n<\/div>\n<\/div>\n<div class=\"row row-edge\" >\n<div class=\"col-md-12 col-xs-offset-0 col-sm-offset-0 col-md-offset-0 col-lg-offset-0 col-xs-pull-0 col-sm-pull-0 col-md-pull-0 col-lg-pull-0 col-xs-push-0 col-sm-push-0 col-md-push-0 col-lg-push-0\">\n<div class=\"cherry-spacer   hidden-xs hidden-sm\" style=\"height:31px;\"><\/div><div class=\"cherry-spacer   visible-sm-block\" style=\"height:31px;\"><\/div><div class=\"cherry-spacer   visible-xs-block\" style=\"height:31px;\"><\/div>\n<\/div>\n<\/div>\n<div class=\"row\" ><div class=\"container\"><div class=\"row row-edge\">\n<div class=\"col-md-12 col-xs-offset-0 col-sm-offset-0 col-md-offset-0 col-lg-offset-0 col-xs-pull-0 col-sm-pull-0 col-md-pull-0 col-lg-pull-0 col-xs-push-0 col-sm-push-0 col-md-push-0 col-lg-push-0\">\n<div class=\"testimonials-wrap template-testimonials_1\"><div class=\"testimonials-list\"><div id=\"quote-1561\" class=\"testimonials-item item-1 odd clearfix\"><div class=\"testimonials-item-wrap\"><img loading=\"lazy\" decoding=\"async\" width=\"107\" height=\"107\" src=\"https:\/\/automotive-trade.com\/wp-content\/uploads\/2020\/03\/img02-1.jpg\" class=\"avatar wp-post-image\" alt=\"\" srcset=\"https:\/\/automotive-trade.com\/wp-content\/uploads\/2020\/03\/img02-1.jpg 107w, https:\/\/automotive-trade.com\/wp-content\/uploads\/2020\/03\/img02-1-12x12.jpg 12w\" sizes=\"auto, (max-width: 107px) 100vw, 107px\" \/><blockquote><footer><cite class=\"author\" title=\"Lars\">Lars<\/cite><\/footer> <div class=\"rating-wrap\"><div class=\"rating\"><div class=\"stars five\"><\/div><\/div><\/div> <p>Takket v\u00e6re dem kunne jeg finne deler som praktisk talt ikke var tilgjengelige. Anbefale!<\/p>\n <\/blockquote><\/div><\/div><div id=\"quote-1559\" class=\"testimonials-item item-2 even clearfix\"><div class=\"testimonials-item-wrap\"><img alt='' src='https:\/\/secure.gravatar.com\/avatar\/f5f8637020f445dfa515b6d6b25e7bc4f707f8812bdc077da42b292bd2193887?s=107&#038;d=mm&#038;r=g' srcset='https:\/\/secure.gravatar.com\/avatar\/f5f8637020f445dfa515b6d6b25e7bc4f707f8812bdc077da42b292bd2193887?s=214&#038;d=mm&#038;r=g 2x' class='avatar avatar-107 photo' height='107' width='107' \/><blockquote><footer><cite class=\"author\" title=\"Bj\u00f8rn\">Bj\u00f8rn<\/cite><\/footer> <div class=\"rating-wrap\"><div class=\"rating\"><div class=\"stars five\"><\/div><\/div><\/div> <p>Jeg anbefaler selskapet en veldig god tiln\u00e6rming til kunden. Lave priser og profesjonell service.<\/p>\n <\/blockquote><\/div><\/div><\/div><\/div>\n<\/div>\n<\/div><\/div><\/div>\n<div class=\"row row-edge\" >\n<div class=\"col-md-12 col-xs-offset-0 col-sm-offset-0 col-md-offset-0 col-lg-offset-0 col-xs-pull-0 col-sm-pull-0 col-md-pull-0 col-lg-pull-0 col-xs-push-0 col-sm-push-0 col-md-push-0 col-lg-push-0\">\n<div class=\"cherry-spacer   hidden-xs hidden-sm\" style=\"height:71px;\"><\/div><div class=\"cherry-spacer   visible-sm-block\" style=\"height:71px;\"><\/div><div class=\"cherry-spacer   visible-xs-block\" style=\"height:71px;\"><\/div>\n<\/div>\n<\/div>\n<\/div>\n<\/div><\/div><\/div><\/div><\/div>","protected":false},"excerpt":{"rendered":"","protected":false},"author":1,"featured_media":0,"parent":0,"menu_order":0,"comment_status":"open","ping_status":"closed","template":"","meta":{"footnotes":""},"class_list":["post-1564","page","type-page","status-publish","hentry"],"_links":{"self":[{"href":"https:\/\/automotive-trade.com\/sv\/wp-json\/wp\/v2\/pages\/1564","targetHints":{"allow":["GET"]}}],"collection":[{"href":"https:\/\/automotive-trade.com\/sv\/wp-json\/wp\/v2\/pages"}],"about":[{"href":"https:\/\/automotive-trade.com\/sv\/wp-json\/wp\/v2\/types\/page"}],"author":[{"embeddable":true,"href":"https:\/\/automotive-trade.com\/sv\/wp-json\/wp\/v2\/users\/1"}],"replies":[{"embeddable":true,"href":"https:\/\/automotive-trade.com\/sv\/wp-json\/wp\/v2\/comments?post=1564"}],"version-history":[{"count":7,"href":"https:\/\/automotive-trade.com\/sv\/wp-json\/wp\/v2\/pages\/1564\/revisions"}],"predecessor-version":[{"id":1572,"href":"https:\/\/automotive-trade.com\/sv\/wp-json\/wp\/v2\/pages\/1564\/revisions\/1572"}],"wp:attachment":[{"href":"https:\/\/automotive-trade.com\/sv\/wp-json\/wp\/v2\/media?parent=1564"}],"curies":[{"name":"wp","href":"https:\/\/api.w.org\/{rel}","templated":true}]}}